{"id":61,"date":"2023-12-08T09:59:47","date_gmt":"2023-12-08T09:59:47","guid":{"rendered":"https:\/\/demo.bosathemes.com\/bosa\/rental-car\/?page_id=280"},"modified":"2026-01-07T19:09:56","modified_gmt":"2026-01-07T19:09:56","slug":"about-us","status":"publish","type":"page","link":"https:\/\/ercperformance.uk\/pl\/about-us\/","title":{"rendered":"About us"},"content":{"rendered":"\t\t<div data-elementor-type=\"wp-page\" data-elementor-id=\"61\" class=\"elementor elementor-61\" data-elementor-post-type=\"page\">\n\t\t\t\t<div class=\"elementor-element elementor-element-c49c877 e-flex e-con-boxed e-con e-parent\" data-id=\"c49c877\" data-element_type=\"container\" data-settings=\"{&quot;background_background&quot;:&quot;classic&quot;}\">\n\t\t\t\t\t<div class=\"e-con-inner\">\n\t\t\t\t<div class=\"elementor-element elementor-element-3815071 elementor-widget elementor-widget-heading\" data-id=\"3815071\" data-element_type=\"widget\" data-widget_type=\"heading.default\">\n\t\t\t\t<div class=\"elementor-widget-container\">\n\t\t\t<h2 class=\"elementor-heading-title elementor-size-default\">O Nas<\/h2>\t\t<\/div>\n\t\t\t\t<\/div>\n\t\t\t\t\t<\/div>\n\t\t\t\t<\/div>\n\t\t<div class=\"elementor-element elementor-element-HpRF0rF e-flex e-con-boxed e-con e-parent\" data-id=\"HpRF0rF\" data-element_type=\"container\">\n\t\t\t\t\t<div class=\"e-con-inner\">\n\t\t\t\t<div class=\"elementor-element elementor-element-ce1067f elementor-widget elementor-widget-heading\" data-id=\"ce1067f\" data-element_type=\"widget\" data-widget_type=\"heading.default\">\n\t\t\t\t<div class=\"elementor-widget-container\">\n\t\t\t<h3 class=\"elementor-heading-title elementor-size-default\">Kilka s\u0142\u00f3w o firmie...<\/h3>\t\t<\/div>\n\t\t\t\t<\/div>\n\t\t\t\t<div class=\"elementor-element elementor-element-6DBvlbj elementor-widget elementor-widget-heading\" data-id=\"6DBvlbj\" data-element_type=\"widget\" data-widget_type=\"heading.default\">\n\t\t\t\t<div class=\"elementor-widget-container\">\n\t\t\t<h3 class=\"elementor-heading-title elementor-size-default\">Firma ERCperformance, za\u0142o\u017cona w 2010 roku, ma siedziby w Makowie niedaleko Raciborza oraz w Northampton (Wielka Brytania). Wyposa\u017ceni jeste\u015bmy w najnowocze\u015bniejszy oryginalny sprz\u0119t i oprogramowanie. ERCperformance sta\u0142 si\u0119 wyborem dla ponad 1000 klient\u00f3w w zakresie chiptuningu w Wielkiej Brytanii i Polsce. Posiadamy rozleg\u0142\u0105 wiedz\u0119 w zakresie tuningu silnik\u00f3w wysokopr\u0119\u017cnych i benzynowych, zapewniaj\u0105c, \u017ce Tw\u00f3j samoch\u00f3d lub van jest w dobrych r\u0119kach. Od pocz\u0105tku pomagamy ludziom w pe\u0142ni wykorzysta\u0107 mo\u017cliwo\u015bci ich pojazd\u00f3w.<br><\/h3>\t\t<\/div>\n\t\t\t\t<\/div>\n\t\t\t\t<div class=\"elementor-element elementor-element-f459de6 elementor-widget elementor-widget-heading\" data-id=\"f459de6\" data-element_type=\"widget\" data-widget_type=\"heading.default\">\n\t\t\t\t<div class=\"elementor-widget-container\">\n\t\t\t<h3 class=\"elementor-heading-title elementor-size-default\">Oferujemy mobilne us\u0142ugi chiptuningu i dorabiania kluczyk\u00f3w samochodowych w Wellingborough, Northampton, Kettering i Rushden. Nasze us\u0142ugi obejmuj\u0105 diagnostyk\u0119, naprawy DPF\/EGR\/SCR\/AdBlue, klonowanie ECU, klonowanie TCU, klonowanie\/naprawy innych modu\u0142\u00f3w samochodowych oraz testy wydajno\u015bci w naszej g\u0142\u00f3wnej lokalizacji.<\/h3>\t\t<\/div>\n\t\t\t\t<\/div>\n\t\t\t\t<div class=\"elementor-element elementor-element-8184e92 elementor-widget elementor-widget-heading\" data-id=\"8184e92\" data-element_type=\"widget\" data-widget_type=\"heading.default\">\n\t\t\t\t<div class=\"elementor-widget-container\">\n\t\t\t<h3 class=\"elementor-heading-title elementor-size-default\">Indywidualne podej\u015bcie do ka\u017cdego klienta<\/h3>\t\t<\/div>\n\t\t\t\t<\/div>\n\t\t\t\t<div class=\"elementor-element elementor-element-ab74e10 elementor-widget elementor-widget-heading\" data-id=\"ab74e10\" data-element_type=\"widget\" data-widget_type=\"heading.default\">\n\t\t\t\t<div class=\"elementor-widget-container\">\n\t\t\t<h3 class=\"elementor-heading-title elementor-size-default\">W ERCperformance, zanim rozpoczniemy jakiekolwiek modyfikacje, zawsze zapraszamy naszych klient\u00f3w do szczeg\u00f3\u0142owej dyskusji na temat ich wymaga\u0144 i d\u0142ugoterminowych cel\u00f3w. Po ustaleniu najlepszych opcji, przyst\u0119pujemy do pracy z pe\u0142nym zaanga\u017cowaniem. Zapewniamy najwy\u017csz\u0105 jako\u015b\u0107 naszych us\u0142ug, aby zagwarantowa\u0107 naszym klientom pe\u0142n\u0105 satysfakcj\u0119. Zapraszamy do kontaktu telefonicznego lub mailowego, z przyjemno\u015bci\u0105 odpowiemy na wszystkie pytania.<\/h3>\t\t<\/div>\n\t\t\t\t<\/div>\n\t\t\t\t<div class=\"elementor-element elementor-element-7706151 elementor-widget elementor-widget-heading\" data-id=\"7706151\" data-element_type=\"widget\" data-widget_type=\"heading.default\">\n\t\t\t\t<div class=\"elementor-widget-container\">\n\t\t\t<h3 class=\"elementor-heading-title elementor-size-default\">Mo\u017cemy uzyska\u0107 ni\u017csze spalanie samochodu dzi\u0119ki naszym mapom pe\u0142nym momentu obrotowego lub zyska\u0107 jak najwy\u017csz\u0105 moc, w zale\u017cno\u015bci od \u017cycze\u0144 klient\u00f3w. Nasze mapy s\u0105 tworzone indywidualnie przy u\u017cyciu specjalistycznego oprogramowania, aby dopasowa\u0107 rozwi\u0105zania tuningowe dla ka\u017cdego pojazdu, co zapewnia najlepsze wyniki i najbardziej niezawodne strojenie. Dzi\u0119ki ponad 15-letniemu do\u015bwiadczeniu nasz zesp\u00f3\u0142 zapewnia najlepsze wyniki. Zadzwo\u0144 do nas, aby zobaczy\u0107, co mo\u017cemy zaoferowa\u0107 dla Twojego samochodu lub VANa.<\/h3>\t\t<\/div>\n\t\t\t\t<\/div>\n\t\t\t\t<div class=\"elementor-element elementor-element-0082bef elementor-widget elementor-widget-heading\" data-id=\"0082bef\" data-element_type=\"widget\" data-widget_type=\"heading.default\">\n\t\t\t\t<div class=\"elementor-widget-container\">\n\t\t\t<h2 class=\"elementor-heading-title elementor-size-default\">U\u017cywamy najnowocze\u015bniejszych technologii od lider\u00f3w bran\u017cy, aby zapewni\u0107 jak najlepsze rezultaty<\/h2>\t\t<\/div>\n\t\t\t\t<\/div>\n\t\t\t\t<div class=\"elementor-element elementor-element-V6UqEMI elementor-widget elementor-widget-image-carousel\" data-id=\"V6UqEMI\" data-element_type=\"widget\" data-settings=\"{&quot;slides_to_show&quot;:&quot;4&quot;,&quot;slides_to_show_tablet&quot;:&quot;4&quot;,&quot;slides_to_show_mobile&quot;:&quot;4&quot;,&quot;slides_to_scroll&quot;:&quot;1&quot;,&quot;navigation&quot;:&quot;none&quot;,&quot;lazyload&quot;:&quot;yes&quot;,&quot;speed&quot;:500}\" data-widget_type=\"image-carousel.default\">\n\t\t\t\t<div class=\"elementor-widget-container\">\n\t\t\t\t\t<div class=\"elementor-image-carousel-wrapper swiper\" dir=\"ltr\">\n\t\t\t<div class=\"elementor-image-carousel swiper-wrapper\" aria-live=\"polite\">\n\t\t\t\t\t\t\t\t<div class=\"swiper-slide\" role=\"group\" aria-roledescription=\"slide\" aria-label=\"1 z 4\"><figure class=\"swiper-slide-inner\"><img class=\"swiper-slide-image swiper-lazy\" data-src=\"https:\/\/ercperformance.uk\/wp-content\/uploads\/2024\/07\/Racelogic-1.jpg\" alt=\"\" \/><div class=\"swiper-lazy-preloader\"><\/div><\/figure><\/div><div class=\"swiper-slide\" role=\"group\" aria-roledescription=\"slide\" aria-label=\"2 z 4\"><figure class=\"swiper-slide-inner\"><img class=\"swiper-slide-image swiper-lazy\" data-src=\"https:\/\/ercperformance.uk\/wp-content\/uploads\/2024\/07\/Magic-logo-1.jpg\" alt=\"\" \/><div class=\"swiper-lazy-preloader\"><\/div><\/figure><\/div><div class=\"swiper-slide\" role=\"group\" aria-roledescription=\"slide\" aria-label=\"3 z 4\"><figure class=\"swiper-slide-inner\"><img class=\"swiper-slide-image swiper-lazy\" data-src=\"https:\/\/ercperformance.uk\/wp-content\/uploads\/2024\/07\/xhp-2.jpg\" alt=\"\" \/><div class=\"swiper-lazy-preloader\"><\/div><\/figure><\/div><div class=\"swiper-slide\" role=\"group\" aria-roledescription=\"slide\" aria-label=\"4 z 4\"><figure class=\"swiper-slide-inner\"><img class=\"swiper-slide-image swiper-lazy\" data-src=\"https:\/\/ercperformance.uk\/wp-content\/uploads\/2024\/07\/launch.jpg\" alt=\"\" \/><div class=\"swiper-lazy-preloader\"><\/div><\/figure><\/div>\t\t\t<\/div>\n\t\t\t\t\t\t\t\n\t\t\t\t\t\t\t\t\t<\/div>\n\t\t\t\t<\/div>\n\t\t\t\t<\/div>\n\t\t\t\t\t<\/div>\n\t\t\t\t<\/div>\n\t\t\t\t<\/div>\n\t\t","protected":false},"excerpt":{"rendered":"<p>O Nas Kilka s\u0142\u00f3w o firmie&#8230; Firma ERCperformance, za\u0142o\u017cona w 2010 roku, ma siedziby w Makowie niedaleko Raciborza oraz w Northampton (Wielka Brytania). Wyposa\u017ceni jeste\u015bmy w najnowocze\u015bniejszy oryginalny sprz\u0119t i oprogramowanie. ERCperformance sta\u0142 si\u0119 wyborem dla ponad 1000 klient\u00f3w w zakresie chiptuningu w Wielkiej Brytanii i Polsce. Posiadamy rozleg\u0142\u0105 wiedz\u0119 w zakresie tuningu silnik\u00f3w wysokopr\u0119\u017cnych i benzynowych, zapewniaj\u0105c, \u017ce Tw\u00f3j [&hellip;]<\/p>\n","protected":false},"author":1,"featured_media":0,"parent":0,"menu_order":0,"comment_status":"closed","ping_status":"closed","template":"elementor_header_footer","meta":{"footnotes":""},"class_list":["post-61","page","type-page","status-publish","hentry"],"yoast_head":"<!-- This site is optimized with the Yoast SEO plugin v23.8 - https:\/\/yoast.com\/wordpress\/plugins\/seo\/ -->\n<title>About us - ERC Performance<\/title>\n<meta name=\"robots\" content=\"index, follow, max-snippet:-1, max-image-preview:large, max-video-preview:-1\" \/>\n<link rel=\"canonical\" href=\"https:\/\/ercperformance.uk\/pl\/about-us\/\" \/>\n<meta property=\"og:locale\" content=\"pl_PL\" \/>\n<meta property=\"og:type\" content=\"article\" \/>\n<meta property=\"og:title\" content=\"About us - ERC Performance\" \/>\n<meta property=\"og:description\" content=\"O Nas Kilka s\u0142\u00f3w o firmie&#8230; Firma ERCperformance, za\u0142o\u017cona w 2010 roku, ma siedziby w Makowie niedaleko Raciborza oraz w Northampton (Wielka Brytania). Wyposa\u017ceni jeste\u015bmy w najnowocze\u015bniejszy oryginalny sprz\u0119t i oprogramowanie. ERCperformance sta\u0142 si\u0119 wyborem dla ponad 1000 klient\u00f3w w zakresie chiptuningu w Wielkiej Brytanii i Polsce. Posiadamy rozleg\u0142\u0105 wiedz\u0119 w zakresie tuningu silnik\u00f3w wysokopr\u0119\u017cnych i benzynowych, zapewniaj\u0105c, \u017ce Tw\u00f3j [&hellip;]\" \/>\n<meta property=\"og:url\" content=\"https:\/\/ercperformance.uk\/pl\/about-us\/\" \/>\n<meta property=\"og:site_name\" content=\"ERC Performance\" \/>\n<meta property=\"article:publisher\" content=\"https:\/\/www.facebook.com\/ecuremapchiptuning\" \/>\n<meta property=\"article:modified_time\" content=\"2026-01-07T19:09:56+00:00\" \/>\n<meta property=\"og:image\" content=\"https:\/\/ercperformance.uk\/wp-content\/uploads\/2024\/07\/Racelogic-1.jpg\" \/>\n<meta name=\"twitter:card\" content=\"summary_large_image\" \/>\n<meta name=\"twitter:label1\" content=\"Szacowany czas czytania\" \/>\n\t<meta name=\"twitter:data1\" content=\"2 minuty\" \/>\n<script type=\"application\/ld+json\" class=\"yoast-schema-graph\">{\"@context\":\"https:\/\/schema.org\",\"@graph\":[{\"@type\":\"WebPage\",\"@id\":\"https:\/\/ercperformance.uk\/about-us\/\",\"url\":\"https:\/\/ercperformance.uk\/about-us\/\",\"name\":\"About us - ERC Performance\",\"isPartOf\":{\"@id\":\"https:\/\/ercperformance.uk\/#website\"},\"primaryImageOfPage\":{\"@id\":\"https:\/\/ercperformance.uk\/about-us\/#primaryimage\"},\"image\":{\"@id\":\"https:\/\/ercperformance.uk\/about-us\/#primaryimage\"},\"thumbnailUrl\":\"https:\/\/ercperformance.uk\/wp-content\/uploads\/2024\/07\/Racelogic-1.jpg\",\"datePublished\":\"2023-12-08T09:59:47+00:00\",\"dateModified\":\"2026-01-07T19:09:56+00:00\",\"breadcrumb\":{\"@id\":\"https:\/\/ercperformance.uk\/about-us\/#breadcrumb\"},\"inLanguage\":\"pl-PL\",\"potentialAction\":[{\"@type\":\"ReadAction\",\"target\":[\"https:\/\/ercperformance.uk\/about-us\/\"]}]},{\"@type\":\"ImageObject\",\"inLanguage\":\"pl-PL\",\"@id\":\"https:\/\/ercperformance.uk\/about-us\/#primaryimage\",\"url\":\"https:\/\/ercperformance.uk\/wp-content\/uploads\/2024\/07\/Racelogic-1.jpg\",\"contentUrl\":\"https:\/\/ercperformance.uk\/wp-content\/uploads\/2024\/07\/Racelogic-1.jpg\"},{\"@type\":\"BreadcrumbList\",\"@id\":\"https:\/\/ercperformance.uk\/about-us\/#breadcrumb\",\"itemListElement\":[{\"@type\":\"ListItem\",\"position\":1,\"name\":\"Home\",\"item\":\"https:\/\/ercperformance.uk\/\"},{\"@type\":\"ListItem\",\"position\":2,\"name\":\"About us\"}]},{\"@type\":\"WebSite\",\"@id\":\"https:\/\/ercperformance.uk\/#website\",\"url\":\"https:\/\/ercperformance.uk\/\",\"name\":\"ERC Performance\",\"description\":\"Chiptuning ECU i TCU, Dorabianie Kluczy, Naprawy AdBlue, EGR, DPF i Inne\",\"publisher\":{\"@id\":\"https:\/\/ercperformance.uk\/#organization\"},\"potentialAction\":[{\"@type\":\"SearchAction\",\"target\":{\"@type\":\"EntryPoint\",\"urlTemplate\":\"https:\/\/ercperformance.uk\/?s={search_term_string}\"},\"query-input\":{\"@type\":\"PropertyValueSpecification\",\"valueRequired\":true,\"valueName\":\"search_term_string\"}}],\"inLanguage\":\"pl-PL\"},{\"@type\":\"Organization\",\"@id\":\"https:\/\/ercperformance.uk\/#organization\",\"name\":\"ERC Performance\",\"url\":\"https:\/\/ercperformance.uk\/\",\"logo\":{\"@type\":\"ImageObject\",\"inLanguage\":\"pl-PL\",\"@id\":\"https:\/\/ercperformance.uk\/#\/schema\/logo\/image\/\",\"url\":\"https:\/\/ercperformance.uk\/wp-content\/uploads\/2024\/03\/Screenshot_20230508_144412_LogoMaker.png\",\"contentUrl\":\"https:\/\/ercperformance.uk\/wp-content\/uploads\/2024\/03\/Screenshot_20230508_144412_LogoMaker.png\",\"width\":1080,\"height\":187,\"caption\":\"ERC Performance\"},\"image\":{\"@id\":\"https:\/\/ercperformance.uk\/#\/schema\/logo\/image\/\"},\"sameAs\":[\"https:\/\/www.facebook.com\/ecuremapchiptuning\",\"https:\/\/www.instagram.com\/erc_performance\/\"]}]}<\/script>\n<!-- \/ Yoast SEO plugin. -->","yoast_head_json":{"title":"About us - ERC Performance","robots":{"index":"index","follow":"follow","max-snippet":"max-snippet:-1","max-image-preview":"max-image-preview:large","max-video-preview":"max-video-preview:-1"},"canonical":"https:\/\/ercperformance.uk\/pl\/about-us\/","og_locale":"pl_PL","og_type":"article","og_title":"About us - ERC Performance","og_description":"O Nas Kilka s\u0142\u00f3w o firmie&#8230; Firma ERCperformance, za\u0142o\u017cona w 2010 roku, ma siedziby w Makowie niedaleko Raciborza oraz w Northampton (Wielka Brytania). Wyposa\u017ceni jeste\u015bmy w najnowocze\u015bniejszy oryginalny sprz\u0119t i oprogramowanie. ERCperformance sta\u0142 si\u0119 wyborem dla ponad 1000 klient\u00f3w w zakresie chiptuningu w Wielkiej Brytanii i Polsce. Posiadamy rozleg\u0142\u0105 wiedz\u0119 w zakresie tuningu silnik\u00f3w wysokopr\u0119\u017cnych i benzynowych, zapewniaj\u0105c, \u017ce Tw\u00f3j [&hellip;]","og_url":"https:\/\/ercperformance.uk\/pl\/about-us\/","og_site_name":"ERC Performance","article_publisher":"https:\/\/www.facebook.com\/ecuremapchiptuning","article_modified_time":"2026-01-07T19:09:56+00:00","og_image":[{"url":"https:\/\/ercperformance.uk\/wp-content\/uploads\/2024\/07\/Racelogic-1.jpg"}],"twitter_card":"summary_large_image","twitter_misc":{"Szacowany czas czytania":"2 minuty"},"schema":{"@context":"https:\/\/schema.org","@graph":[{"@type":"WebPage","@id":"https:\/\/ercperformance.uk\/about-us\/","url":"https:\/\/ercperformance.uk\/about-us\/","name":"About us - ERC Performance","isPartOf":{"@id":"https:\/\/ercperformance.uk\/#website"},"primaryImageOfPage":{"@id":"https:\/\/ercperformance.uk\/about-us\/#primaryimage"},"image":{"@id":"https:\/\/ercperformance.uk\/about-us\/#primaryimage"},"thumbnailUrl":"https:\/\/ercperformance.uk\/wp-content\/uploads\/2024\/07\/Racelogic-1.jpg","datePublished":"2023-12-08T09:59:47+00:00","dateModified":"2026-01-07T19:09:56+00:00","breadcrumb":{"@id":"https:\/\/ercperformance.uk\/about-us\/#breadcrumb"},"inLanguage":"pl-PL","potentialAction":[{"@type":"ReadAction","target":["https:\/\/ercperformance.uk\/about-us\/"]}]},{"@type":"ImageObject","inLanguage":"pl-PL","@id":"https:\/\/ercperformance.uk\/about-us\/#primaryimage","url":"https:\/\/ercperformance.uk\/wp-content\/uploads\/2024\/07\/Racelogic-1.jpg","contentUrl":"https:\/\/ercperformance.uk\/wp-content\/uploads\/2024\/07\/Racelogic-1.jpg"},{"@type":"BreadcrumbList","@id":"https:\/\/ercperformance.uk\/about-us\/#breadcrumb","itemListElement":[{"@type":"ListItem","position":1,"name":"Home","item":"https:\/\/ercperformance.uk\/"},{"@type":"ListItem","position":2,"name":"About us"}]},{"@type":"WebSite","@id":"https:\/\/ercperformance.uk\/#website","url":"https:\/\/ercperformance.uk\/","name":"ERC Performance","description":"Chiptuning ECU i TCU, Dorabianie Kluczy, Naprawy AdBlue, EGR, DPF i Inne","publisher":{"@id":"https:\/\/ercperformance.uk\/#organization"},"potentialAction":[{"@type":"SearchAction","target":{"@type":"EntryPoint","urlTemplate":"https:\/\/ercperformance.uk\/?s={search_term_string}"},"query-input":{"@type":"PropertyValueSpecification","valueRequired":true,"valueName":"search_term_string"}}],"inLanguage":"pl-PL"},{"@type":"Organization","@id":"https:\/\/ercperformance.uk\/#organization","name":"ERC Performance","url":"https:\/\/ercperformance.uk\/","logo":{"@type":"ImageObject","inLanguage":"pl-PL","@id":"https:\/\/ercperformance.uk\/#\/schema\/logo\/image\/","url":"https:\/\/ercperformance.uk\/wp-content\/uploads\/2024\/03\/Screenshot_20230508_144412_LogoMaker.png","contentUrl":"https:\/\/ercperformance.uk\/wp-content\/uploads\/2024\/03\/Screenshot_20230508_144412_LogoMaker.png","width":1080,"height":187,"caption":"ERC Performance"},"image":{"@id":"https:\/\/ercperformance.uk\/#\/schema\/logo\/image\/"},"sameAs":["https:\/\/www.facebook.com\/ecuremapchiptuning","https:\/\/www.instagram.com\/erc_performance\/"]}]}},"_links":{"self":[{"href":"https:\/\/ercperformance.uk\/pl\/wp-json\/wp\/v2\/pages\/61","targetHints":{"allow":["GET"]}}],"collection":[{"href":"https:\/\/ercperformance.uk\/pl\/wp-json\/wp\/v2\/pages"}],"about":[{"href":"https:\/\/ercperformance.uk\/pl\/wp-json\/wp\/v2\/types\/page"}],"author":[{"embeddable":true,"href":"https:\/\/ercperformance.uk\/pl\/wp-json\/wp\/v2\/users\/1"}],"replies":[{"embeddable":true,"href":"https:\/\/ercperformance.uk\/pl\/wp-json\/wp\/v2\/comments?post=61"}],"version-history":[{"count":256,"href":"https:\/\/ercperformance.uk\/pl\/wp-json\/wp\/v2\/pages\/61\/revisions"}],"predecessor-version":[{"id":3761,"href":"https:\/\/ercperformance.uk\/pl\/wp-json\/wp\/v2\/pages\/61\/revisions\/3761"}],"wp:attachment":[{"href":"https:\/\/ercperformance.uk\/pl\/wp-json\/wp\/v2\/media?parent=61"}],"curies":[{"name":"wp","href":"https:\/\/api.w.org\/{rel}","templated":true}]}}