{"id":61,"date":"2023-12-08T09:59:47","date_gmt":"2023-12-08T09:59:47","guid":{"rendered":"https:\/\/demo.bosathemes.com\/bosa\/rental-car\/?page_id=280"},"modified":"2026-01-07T19:09:56","modified_gmt":"2026-01-07T19:09:56","slug":"about-us","status":"publish","type":"page","link":"https:\/\/ercperformance.uk\/en\/about-us\/","title":{"rendered":"About us"},"content":{"rendered":"<div data-elementor-type=\"wp-page\" data-elementor-id=\"61\" class=\"elementor elementor-61\" data-elementor-post-type=\"page\">\n\t\t\t\t<div class=\"elementor-element elementor-element-c49c877 e-flex e-con-boxed e-con e-parent\" data-id=\"c49c877\" data-element_type=\"container\" data-settings=\"{&quot;background_background&quot;:&quot;classic&quot;}\">\n\t\t\t\t\t<div class=\"e-con-inner\">\n\t\t\t\t<div class=\"elementor-element elementor-element-3815071 elementor-widget elementor-widget-heading\" data-id=\"3815071\" data-element_type=\"widget\" data-widget_type=\"heading.default\">\n\t\t\t\t<div class=\"elementor-widget-container\">\n\t\t\t<h2 class=\"elementor-heading-title elementor-size-default\">About Us<\/h2>\t\t<\/div>\n\t\t\t\t<\/div>\n\t\t\t\t\t<\/div>\n\t\t\t\t<\/div>\n\t\t<div class=\"elementor-element elementor-element-HpRF0rF e-flex e-con-boxed e-con e-parent\" data-id=\"HpRF0rF\" data-element_type=\"container\">\n\t\t\t\t\t<div class=\"e-con-inner\">\n\t\t\t\t<div class=\"elementor-element elementor-element-ce1067f elementor-widget elementor-widget-heading\" data-id=\"ce1067f\" data-element_type=\"widget\" data-widget_type=\"heading.default\">\n\t\t\t\t<div class=\"elementor-widget-container\">\n\t\t\t<h3 class=\"elementor-heading-title elementor-size-default\">A few words about the company...<\/h3>\t\t<\/div>\n\t\t\t\t<\/div>\n\t\t\t\t<div class=\"elementor-element elementor-element-6DBvlbj elementor-widget elementor-widget-heading\" data-id=\"6DBvlbj\" data-element_type=\"widget\" data-widget_type=\"heading.default\">\n\t\t\t\t<div class=\"elementor-widget-container\">\n\t\t\t<h3 class=\"elementor-heading-title elementor-size-default\">Established in 2010, we are equipped with the latest original hardware and up-to-date software here in Wellingborough, near Northampton and in Mak\u00f3w (Poland). ERCperformance has become the choice for over 1,000+ customers for remapping in the area and across the whole England. We have extensive knowledge in diesel and petrol tuning, ensuring your car or van is well taken care of at ERCperformance. We have always been helping people get the most out of their vehicles.<br><\/h3>\t\t<\/div>\n\t\t\t\t<\/div>\n\t\t\t\t<div class=\"elementor-element elementor-element-f459de6 elementor-widget elementor-widget-heading\" data-id=\"f459de6\" data-element_type=\"widget\" data-widget_type=\"heading.default\">\n\t\t\t\t<div class=\"elementor-widget-container\">\n\t\t\t<h3 class=\"elementor-heading-title elementor-size-default\">We offer mobile services for remapping and car keys in Wellingborough, Northampton, Kettering, and Rushden. Our services include diagnostics, DPF\/EGR\/SCR\/AdBlue repairs, ECU cloning, TCU cloning, other car modules cloning\/repairs, and performance tests at our main location.<\/h3>\t\t<\/div>\n\t\t\t\t<\/div>\n\t\t\t\t<div class=\"elementor-element elementor-element-8184e92 elementor-widget elementor-widget-heading\" data-id=\"8184e92\" data-element_type=\"widget\" data-widget_type=\"heading.default\">\n\t\t\t\t<div class=\"elementor-widget-container\">\n\t\t\t<h3 class=\"elementor-heading-title elementor-size-default\">Individual approach to every customer<\/h3>\t\t<\/div>\n\t\t\t\t<\/div>\n\t\t\t\t<div class=\"elementor-element elementor-element-ab74e10 elementor-widget elementor-widget-heading\" data-id=\"ab74e10\" data-element_type=\"widget\" data-widget_type=\"heading.default\">\n\t\t\t\t<div class=\"elementor-widget-container\">\n\t\t\t<h3 class=\"elementor-heading-title elementor-size-default\">At ERCperformance, before we begin any modifications, we always invite our customers for a detailed discussion about their requirements and long-term goals. Once we determine the best options, we get to work with full commitment. We ensure the highest quality of our services to guarantee our customers' complete satisfaction. Feel free to contact us by phone or email, and we will be happy to answer all your questions.<\/h3>\t\t<\/div>\n\t\t\t\t<\/div>\n\t\t\t\t<div class=\"elementor-element elementor-element-7706151 elementor-widget elementor-widget-heading\" data-id=\"7706151\" data-element_type=\"widget\" data-widget_type=\"heading.default\">\n\t\t\t\t<div class=\"elementor-widget-container\">\n\t\t\t<h3 class=\"elementor-heading-title elementor-size-default\">We can gain extra MPG with our torque-rich maps, or savage power delivery if tuned for high performance, depending on the customers' wishes. Our maps are all custom made individualy using specialized software to produce bespoke tuning solutions for each vehicle, which offers the best outcome and most reliable tuning. With over 15 years of experience, our team delivers the best results. Call us to see what we can offer for your car or van.<\/h3>\t\t<\/div>\n\t\t\t\t<\/div>\n\t\t\t\t<div class=\"elementor-element elementor-element-0082bef elementor-widget elementor-widget-heading\" data-id=\"0082bef\" data-element_type=\"widget\" data-widget_type=\"heading.default\">\n\t\t\t\t<div class=\"elementor-widget-container\">\n\t\t\t<h2 class=\"elementor-heading-title elementor-size-default\">We are using cutting-edge technologies from industry leaders to give you the best results<\/h2>\t\t<\/div>\n\t\t\t\t<\/div>\n\t\t\t\t<div class=\"elementor-element elementor-element-V6UqEMI elementor-widget elementor-widget-image-carousel\" data-id=\"V6UqEMI\" data-element_type=\"widget\" data-settings=\"{&quot;slides_to_show&quot;:&quot;4&quot;,&quot;slides_to_show_tablet&quot;:&quot;4&quot;,&quot;slides_to_show_mobile&quot;:&quot;4&quot;,&quot;slides_to_scroll&quot;:&quot;1&quot;,&quot;navigation&quot;:&quot;none&quot;,&quot;lazyload&quot;:&quot;yes&quot;,&quot;speed&quot;:500}\" data-widget_type=\"image-carousel.default\">\n\t\t\t\t<div class=\"elementor-widget-container\">\n\t\t\t\t\t<div class=\"elementor-image-carousel-wrapper swiper\" dir=\"ltr\">\n\t\t\t<div class=\"elementor-image-carousel swiper-wrapper\" aria-live=\"polite\">\n\t\t\t\t\t\t\t\t<div class=\"swiper-slide\" role=\"group\" aria-roledescription=\"slide\" aria-label=\"1 of 4\"><figure class=\"swiper-slide-inner\"><img class=\"swiper-slide-image swiper-lazy\" data-src=\"https:\/\/ercperformance.uk\/wp-content\/uploads\/2024\/07\/Racelogic-1.jpg\" alt=\"\" \/><div class=\"swiper-lazy-preloader\"><\/div><\/figure><\/div><div class=\"swiper-slide\" role=\"group\" aria-roledescription=\"slide\" aria-label=\"2 of 4\"><figure class=\"swiper-slide-inner\"><img class=\"swiper-slide-image swiper-lazy\" data-src=\"https:\/\/ercperformance.uk\/wp-content\/uploads\/2024\/07\/Magic-logo-1.jpg\" alt=\"\" \/><div class=\"swiper-lazy-preloader\"><\/div><\/figure><\/div><div class=\"swiper-slide\" role=\"group\" aria-roledescription=\"slide\" aria-label=\"3 of 4\"><figure class=\"swiper-slide-inner\"><img class=\"swiper-slide-image swiper-lazy\" data-src=\"https:\/\/ercperformance.uk\/wp-content\/uploads\/2024\/07\/xhp-2.jpg\" alt=\"\" \/><div class=\"swiper-lazy-preloader\"><\/div><\/figure><\/div><div class=\"swiper-slide\" role=\"group\" aria-roledescription=\"slide\" aria-label=\"4 of 4\"><figure class=\"swiper-slide-inner\"><img class=\"swiper-slide-image swiper-lazy\" data-src=\"https:\/\/ercperformance.uk\/wp-content\/uploads\/2024\/07\/launch.jpg\" alt=\"\" \/><div class=\"swiper-lazy-preloader\"><\/div><\/figure><\/div>\t\t\t<\/div>\n\t\t\t\t\t\t\t\n\t\t\t\t\t\t\t\t\t<\/div>\n\t\t\t\t<\/div>\n\t\t\t\t<\/div>\n\t\t\t\t\t<\/div>\n\t\t\t\t<\/div>\n\t\t\t\t<\/div>","protected":false},"excerpt":{"rendered":"<p>O Nas Kilka s\u0142\u00f3w o firmie&#8230; Firma ERCperformance, za\u0142o\u017cona w 2010 roku, ma siedziby w Makowie niedaleko Raciborza oraz w Northampton (Wielka Brytania). Wyposa\u017ceni jeste\u015bmy w najnowocze\u015bniejszy oryginalny sprz\u0119t i oprogramowanie. ERCperformance sta\u0142 si\u0119 wyborem dla ponad 1000 klient\u00f3w w zakresie chiptuningu w Wielkiej Brytanii i Polsce. Posiadamy rozleg\u0142\u0105 wiedz\u0119 w zakresie tuningu silnik\u00f3w wysokopr\u0119\u017cnych i benzynowych, zapewniaj\u0105c, \u017ce Tw\u00f3j [&hellip;]<\/p>","protected":false},"author":1,"featured_media":0,"parent":0,"menu_order":0,"comment_status":"closed","ping_status":"closed","template":"elementor_header_footer","meta":{"footnotes":""},"class_list":["post-61","page","type-page","status-publish","hentry"],"yoast_head":"<!-- This site is optimized with the Yoast SEO plugin v23.8 - https:\/\/yoast.com\/wordpress\/plugins\/seo\/ -->\n<title>About us - ERC Performance<\/title>\n<meta name=\"robots\" content=\"index, follow, max-snippet:-1, max-image-preview:large, max-video-preview:-1\" \/>\n<link rel=\"canonical\" href=\"https:\/\/ercperformance.uk\/en\/about-us\/\" \/>\n<meta property=\"og:locale\" content=\"en_GB\" \/>\n<meta property=\"og:type\" content=\"article\" \/>\n<meta property=\"og:title\" content=\"About us - ERC Performance\" \/>\n<meta property=\"og:description\" content=\"O Nas Kilka s\u0142\u00f3w o firmie&#8230; Firma ERCperformance, za\u0142o\u017cona w 2010 roku, ma siedziby w Makowie niedaleko Raciborza oraz w Northampton (Wielka Brytania). Wyposa\u017ceni jeste\u015bmy w najnowocze\u015bniejszy oryginalny sprz\u0119t i oprogramowanie. ERCperformance sta\u0142 si\u0119 wyborem dla ponad 1000 klient\u00f3w w zakresie chiptuningu w Wielkiej Brytanii i Polsce. Posiadamy rozleg\u0142\u0105 wiedz\u0119 w zakresie tuningu silnik\u00f3w wysokopr\u0119\u017cnych i benzynowych, zapewniaj\u0105c, \u017ce Tw\u00f3j [&hellip;]\" \/>\n<meta property=\"og:url\" content=\"https:\/\/ercperformance.uk\/en\/about-us\/\" \/>\n<meta property=\"og:site_name\" content=\"ERC Performance\" \/>\n<meta property=\"article:publisher\" content=\"https:\/\/www.facebook.com\/ecuremapchiptuning\" \/>\n<meta property=\"article:modified_time\" content=\"2026-01-07T19:09:56+00:00\" \/>\n<meta property=\"og:image\" content=\"https:\/\/ercperformance.uk\/wp-content\/uploads\/2024\/07\/Racelogic-1.jpg\" \/>\n<meta name=\"twitter:card\" content=\"summary_large_image\" \/>\n<meta name=\"twitter:label1\" content=\"Estimated reading time\" \/>\n\t<meta name=\"twitter:data1\" content=\"2 minutes\" \/>\n<script type=\"application\/ld+json\" class=\"yoast-schema-graph\">{\"@context\":\"https:\/\/schema.org\",\"@graph\":[{\"@type\":\"WebPage\",\"@id\":\"https:\/\/ercperformance.uk\/about-us\/\",\"url\":\"https:\/\/ercperformance.uk\/about-us\/\",\"name\":\"About us - ERC Performance\",\"isPartOf\":{\"@id\":\"https:\/\/ercperformance.uk\/#website\"},\"primaryImageOfPage\":{\"@id\":\"https:\/\/ercperformance.uk\/about-us\/#primaryimage\"},\"image\":{\"@id\":\"https:\/\/ercperformance.uk\/about-us\/#primaryimage\"},\"thumbnailUrl\":\"https:\/\/ercperformance.uk\/wp-content\/uploads\/2024\/07\/Racelogic-1.jpg\",\"datePublished\":\"2023-12-08T09:59:47+00:00\",\"dateModified\":\"2026-01-07T19:09:56+00:00\",\"breadcrumb\":{\"@id\":\"https:\/\/ercperformance.uk\/about-us\/#breadcrumb\"},\"inLanguage\":\"en-GB\",\"potentialAction\":[{\"@type\":\"ReadAction\",\"target\":[\"https:\/\/ercperformance.uk\/about-us\/\"]}]},{\"@type\":\"ImageObject\",\"inLanguage\":\"en-GB\",\"@id\":\"https:\/\/ercperformance.uk\/about-us\/#primaryimage\",\"url\":\"https:\/\/ercperformance.uk\/wp-content\/uploads\/2024\/07\/Racelogic-1.jpg\",\"contentUrl\":\"https:\/\/ercperformance.uk\/wp-content\/uploads\/2024\/07\/Racelogic-1.jpg\"},{\"@type\":\"BreadcrumbList\",\"@id\":\"https:\/\/ercperformance.uk\/about-us\/#breadcrumb\",\"itemListElement\":[{\"@type\":\"ListItem\",\"position\":1,\"name\":\"Home\",\"item\":\"https:\/\/ercperformance.uk\/\"},{\"@type\":\"ListItem\",\"position\":2,\"name\":\"About us\"}]},{\"@type\":\"WebSite\",\"@id\":\"https:\/\/ercperformance.uk\/#website\",\"url\":\"https:\/\/ercperformance.uk\/\",\"name\":\"ERC Performance\",\"description\":\"Chiptuning ECU i TCU, Dorabianie Kluczy, Naprawy AdBlue, EGR, DPF i Inne\",\"publisher\":{\"@id\":\"https:\/\/ercperformance.uk\/#organization\"},\"potentialAction\":[{\"@type\":\"SearchAction\",\"target\":{\"@type\":\"EntryPoint\",\"urlTemplate\":\"https:\/\/ercperformance.uk\/?s={search_term_string}\"},\"query-input\":{\"@type\":\"PropertyValueSpecification\",\"valueRequired\":true,\"valueName\":\"search_term_string\"}}],\"inLanguage\":\"en-GB\"},{\"@type\":\"Organization\",\"@id\":\"https:\/\/ercperformance.uk\/#organization\",\"name\":\"ERC Performance\",\"url\":\"https:\/\/ercperformance.uk\/\",\"logo\":{\"@type\":\"ImageObject\",\"inLanguage\":\"en-GB\",\"@id\":\"https:\/\/ercperformance.uk\/#\/schema\/logo\/image\/\",\"url\":\"https:\/\/ercperformance.uk\/wp-content\/uploads\/2024\/03\/Screenshot_20230508_144412_LogoMaker.png\",\"contentUrl\":\"https:\/\/ercperformance.uk\/wp-content\/uploads\/2024\/03\/Screenshot_20230508_144412_LogoMaker.png\",\"width\":1080,\"height\":187,\"caption\":\"ERC Performance\"},\"image\":{\"@id\":\"https:\/\/ercperformance.uk\/#\/schema\/logo\/image\/\"},\"sameAs\":[\"https:\/\/www.facebook.com\/ecuremapchiptuning\",\"https:\/\/www.instagram.com\/erc_performance\/\"]}]}<\/script>\n<!-- \/ Yoast SEO plugin. -->","yoast_head_json":{"title":"About us - ERC Performance","robots":{"index":"index","follow":"follow","max-snippet":"max-snippet:-1","max-image-preview":"max-image-preview:large","max-video-preview":"max-video-preview:-1"},"canonical":"https:\/\/ercperformance.uk\/en\/about-us\/","og_locale":"en_GB","og_type":"article","og_title":"About us - ERC Performance","og_description":"O Nas Kilka s\u0142\u00f3w o firmie&#8230; Firma ERCperformance, za\u0142o\u017cona w 2010 roku, ma siedziby w Makowie niedaleko Raciborza oraz w Northampton (Wielka Brytania). Wyposa\u017ceni jeste\u015bmy w najnowocze\u015bniejszy oryginalny sprz\u0119t i oprogramowanie. ERCperformance sta\u0142 si\u0119 wyborem dla ponad 1000 klient\u00f3w w zakresie chiptuningu w Wielkiej Brytanii i Polsce. Posiadamy rozleg\u0142\u0105 wiedz\u0119 w zakresie tuningu silnik\u00f3w wysokopr\u0119\u017cnych i benzynowych, zapewniaj\u0105c, \u017ce Tw\u00f3j [&hellip;]","og_url":"https:\/\/ercperformance.uk\/en\/about-us\/","og_site_name":"ERC Performance","article_publisher":"https:\/\/www.facebook.com\/ecuremapchiptuning","article_modified_time":"2026-01-07T19:09:56+00:00","og_image":[{"url":"https:\/\/ercperformance.uk\/wp-content\/uploads\/2024\/07\/Racelogic-1.jpg"}],"twitter_card":"summary_large_image","twitter_misc":{"Estimated reading time":"2 minutes"},"schema":{"@context":"https:\/\/schema.org","@graph":[{"@type":"WebPage","@id":"https:\/\/ercperformance.uk\/about-us\/","url":"https:\/\/ercperformance.uk\/about-us\/","name":"About us - ERC Performance","isPartOf":{"@id":"https:\/\/ercperformance.uk\/#website"},"primaryImageOfPage":{"@id":"https:\/\/ercperformance.uk\/about-us\/#primaryimage"},"image":{"@id":"https:\/\/ercperformance.uk\/about-us\/#primaryimage"},"thumbnailUrl":"https:\/\/ercperformance.uk\/wp-content\/uploads\/2024\/07\/Racelogic-1.jpg","datePublished":"2023-12-08T09:59:47+00:00","dateModified":"2026-01-07T19:09:56+00:00","breadcrumb":{"@id":"https:\/\/ercperformance.uk\/about-us\/#breadcrumb"},"inLanguage":"en-GB","potentialAction":[{"@type":"ReadAction","target":["https:\/\/ercperformance.uk\/about-us\/"]}]},{"@type":"ImageObject","inLanguage":"en-GB","@id":"https:\/\/ercperformance.uk\/about-us\/#primaryimage","url":"https:\/\/ercperformance.uk\/wp-content\/uploads\/2024\/07\/Racelogic-1.jpg","contentUrl":"https:\/\/ercperformance.uk\/wp-content\/uploads\/2024\/07\/Racelogic-1.jpg"},{"@type":"BreadcrumbList","@id":"https:\/\/ercperformance.uk\/about-us\/#breadcrumb","itemListElement":[{"@type":"ListItem","position":1,"name":"Home","item":"https:\/\/ercperformance.uk\/"},{"@type":"ListItem","position":2,"name":"About us"}]},{"@type":"WebSite","@id":"https:\/\/ercperformance.uk\/#website","url":"https:\/\/ercperformance.uk\/","name":"ERC Performance","description":"Chiptuning ECU i TCU, Dorabianie Kluczy, Naprawy AdBlue, EGR, DPF i Inne","publisher":{"@id":"https:\/\/ercperformance.uk\/#organization"},"potentialAction":[{"@type":"SearchAction","target":{"@type":"EntryPoint","urlTemplate":"https:\/\/ercperformance.uk\/?s={search_term_string}"},"query-input":{"@type":"PropertyValueSpecification","valueRequired":true,"valueName":"search_term_string"}}],"inLanguage":"en-GB"},{"@type":"Organization","@id":"https:\/\/ercperformance.uk\/#organization","name":"ERC Performance","url":"https:\/\/ercperformance.uk\/","logo":{"@type":"ImageObject","inLanguage":"en-GB","@id":"https:\/\/ercperformance.uk\/#\/schema\/logo\/image\/","url":"https:\/\/ercperformance.uk\/wp-content\/uploads\/2024\/03\/Screenshot_20230508_144412_LogoMaker.png","contentUrl":"https:\/\/ercperformance.uk\/wp-content\/uploads\/2024\/03\/Screenshot_20230508_144412_LogoMaker.png","width":1080,"height":187,"caption":"ERC Performance"},"image":{"@id":"https:\/\/ercperformance.uk\/#\/schema\/logo\/image\/"},"sameAs":["https:\/\/www.facebook.com\/ecuremapchiptuning","https:\/\/www.instagram.com\/erc_performance\/"]}]}},"_links":{"self":[{"href":"https:\/\/ercperformance.uk\/en\/wp-json\/wp\/v2\/pages\/61","targetHints":{"allow":["GET"]}}],"collection":[{"href":"https:\/\/ercperformance.uk\/en\/wp-json\/wp\/v2\/pages"}],"about":[{"href":"https:\/\/ercperformance.uk\/en\/wp-json\/wp\/v2\/types\/page"}],"author":[{"embeddable":true,"href":"https:\/\/ercperformance.uk\/en\/wp-json\/wp\/v2\/users\/1"}],"replies":[{"embeddable":true,"href":"https:\/\/ercperformance.uk\/en\/wp-json\/wp\/v2\/comments?post=61"}],"version-history":[{"count":256,"href":"https:\/\/ercperformance.uk\/en\/wp-json\/wp\/v2\/pages\/61\/revisions"}],"predecessor-version":[{"id":3761,"href":"https:\/\/ercperformance.uk\/en\/wp-json\/wp\/v2\/pages\/61\/revisions\/3761"}],"wp:attachment":[{"href":"https:\/\/ercperformance.uk\/en\/wp-json\/wp\/v2\/media?parent=61"}],"curies":[{"name":"wp","href":"https:\/\/api.w.org\/{rel}","templated":true}]}}